{"id":39,"date":"2021-03-01T18:23:53","date_gmt":"2021-03-01T18:23:53","guid":{"rendered":"http:\/\/alvaradomoreno.mx\/?page_id=39"},"modified":"2023-03-02T16:36:47","modified_gmt":"2023-03-02T16:36:47","slug":"noticias-y-publicaciones","status":"publish","type":"page","link":"https:\/\/alvaradomoreno.mx\/en\/noticias-y-publicaciones\/","title":{"rendered":"News and Publications"},"content":{"rendered":"<p>[et_pb_section fb_built=&#8221;1&#8243; admin_label=&#8221;Page Title Section&#8221; _builder_version=&#8221;4.16&#8243; use_background_color_gradient=&#8221;on&#8221; background_color_gradient_stops=&#8221;#313e47 0%|rgba(49,62,71,0.5) 100%&#8221; background_color_gradient_overlays_image=&#8221;on&#8221; background_color_gradient_start=&#8221;#313e47&#8243; background_color_gradient_end=&#8221;rgba(49,62,71,0.5)&#8221; background_image=&#8221;http:\/\/alvaradomoreno.mx\/wp-content\/uploads\/2021\/03\/603e913a468b0.jpg&#8221; custom_padding=&#8221;50px||50px||false|false&#8221; global_colors_info=&#8221;{}&#8221;][et_pb_row admin_label=&#8221;Page Title Area&#8221; _builder_version=&#8221;4.16&#8243; background_size=&#8221;initial&#8221; background_position=&#8221;top_left&#8221; background_repeat=&#8221;repeat&#8221; global_colors_info=&#8221;{}&#8221;][et_pb_column type=&#8221;4_4&#8243; _builder_version=&#8221;4.16&#8243; custom_padding=&#8221;|||&#8221; global_colors_info=&#8221;{}&#8221; custom_padding__hover=&#8221;|||&#8221;][et_pb_text _builder_version=&#8221;4.16&#8243; _module_preset=&#8221;default&#8221; text_font=&#8221;|700|||||||&#8221; text_text_color=&#8221;#FFFFFF&#8221; text_font_size=&#8221;35px&#8221; global_colors_info=&#8221;{}&#8221;]<\/p>\n<p style=\"text-align: center;\">NOTICIAS Y PUBLICACIONES<\/p>\n<p>[\/et_pb_text][\/et_pb_column][\/et_pb_row][\/et_pb_section][et_pb_section fb_built=&#8221;1&#8243; admin_label=&#8221;Latest News Section&#8221; _builder_version=&#8221;4.16&#8243; background_color=&#8221;#f7f7f7&#8243; custom_padding=&#8221;110px||50px|||&#8221; global_colors_info=&#8221;{}&#8221;][et_pb_row _builder_version=&#8221;4.16&#8243; _module_preset=&#8221;default&#8221; global_colors_info=&#8221;{}&#8221;][et_pb_column type=&#8221;4_4&#8243; _builder_version=&#8221;4.16&#8243; _module_preset=&#8221;default&#8221; global_colors_info=&#8221;{}&#8221;][et_pb_text _builder_version=&#8221;4.20.0&#8243; _module_preset=&#8221;default&#8221; header_text_color=&#8221;#FB4D17&#8243; hover_enabled=&#8221;0&#8243; global_colors_info=&#8221;{}&#8221; sticky_enabled=&#8221;0&#8243;]<\/p>\n<h1 style=\"text-align: center;\">News<\/h1>\n<p>[\/et_pb_text][et_pb_blog fullwidth=&#8221;off&#8221; posts_number=&#8221;9&#8243; include_categories=&#8221;4&#8243; show_author=&#8221;off&#8221; show_comments=&#8221;on&#8221; _builder_version=&#8221;4.20.0&#8243; header_font=&#8221;||||||||&#8221; header_text_color=&#8221;#000000&#8243; header_line_height=&#8221;1.5em&#8221; body_font=&#8221;||||||||&#8221; body_line_height=&#8221;2.4em&#8221; meta_font=&#8221;||||||||&#8221; meta_text_color=&#8221;#9a9a9a&#8221; pagination_font=&#8221;|700||on|||||&#8221; pagination_text_color=&#8221;#ffa40d&#8221; pagination_font_size=&#8221;16px&#8221; pagination_letter_spacing=&#8221;1px&#8221; animation_style=&#8221;fade&#8221; hover_enabled=&#8221;0&#8243; border_width_all=&#8221;0px&#8221; border_color_all=&#8221;#d8d8d8&#8243; border_style_all=&#8221;solid&#8221; border_width_all_fullwidth=&#8221;1px&#8221; border_color_all_fullwidth=&#8221;#d8d8d8&#8243; border_style_all_fullwidth=&#8221;solid&#8221; box_shadow_style=&#8221;preset1&#8243; box_shadow_vertical=&#8221;15px&#8221; box_shadow_blur=&#8221;60px&#8221; box_shadow_color=&#8221;rgba(29,61,71,0.2)&#8221; use_border_color=&#8221;on&#8221; global_colors_info=&#8221;{}&#8221; header_text_color__hover_enabled=&#8221;on|hover&#8221; header_text_color__hover=&#8221;#FB4D17&#8243; sticky_enabled=&#8221;0&#8243;][\/et_pb_blog][\/et_pb_column][\/et_pb_row][\/et_pb_section][et_pb_section fb_built=&#8221;1&#8243; _builder_version=&#8221;4.16&#8243; _module_preset=&#8221;default&#8221; global_colors_info=&#8221;{}&#8221;][et_pb_row _builder_version=&#8221;4.16&#8243; _module_preset=&#8221;default&#8221; global_colors_info=&#8221;{}&#8221;][et_pb_column type=&#8221;4_4&#8243; _builder_version=&#8221;4.16&#8243; _module_preset=&#8221;default&#8221; global_colors_info=&#8221;{}&#8221;][et_pb_text _builder_version=&#8221;4.16&#8243; _module_preset=&#8221;default&#8221; header_text_color=&#8221;#FB4D17&#8243; global_colors_info=&#8221;{}&#8221;]<\/p>\n<h1 style=\"text-align: center;\">Publicaciones<\/h1>\n<p>[\/et_pb_text][\/et_pb_column][\/et_pb_row][et_pb_row admin_label=&#8221;Latest News Area&#8221; _builder_version=&#8221;4.16&#8243; max_width=&#8221;1280px&#8221; custom_padding=&#8221;20px||0px|&#8221; use_custom_width=&#8221;on&#8221; custom_width_px=&#8221;1280px&#8221; global_colors_info=&#8221;{}&#8221;][et_pb_column type=&#8221;4_4&#8243; _builder_version=&#8221;4.16&#8243; custom_padding=&#8221;|||&#8221; global_colors_info=&#8221;{}&#8221; custom_padding__hover=&#8221;|||&#8221;][et_pb_text _builder_version=&#8221;4.16&#8243; _module_preset=&#8221;default&#8221; link_text_color=&#8221;#000000&#8243; link_font_size=&#8221;18px&#8221; link_text_color_last_edited=&#8221;off|desktop&#8221; global_colors_info=&#8221;{}&#8221; link_text_color__hover_enabled=&#8221;on|hover&#8221; link_text_color__hover=&#8221;#FB4D17&#8243;]<\/p>\n<ul>\n<li class=\"entry-title\" style=\"text-align: left;\"><a href=\"https:\/\/thelawreviews.co.uk\/title\/the-mergers-and-acquisitions-litigation-review\/\">Carlos Alvarado es coautor del Cap\u00edtulo de M\u00e9xico, en el libro The Mergers and Acquisitions Litigation Review<\/a><\/li>\n<\/ul>\n<p>[\/et_pb_text][et_pb_text _builder_version=&#8221;4.16&#8243; _module_preset=&#8221;default&#8221; link_text_color=&#8221;#000000&#8243; link_font_size=&#8221;18px&#8221; global_colors_info=&#8221;{}&#8221; link_text_color__hover_enabled=&#8221;on|hover&#8221; link_text_color__hover=&#8221;#FB4D17&#8243;]<\/p>\n<ul>\n<li class=\"entry-title\" style=\"text-align: left;\"><a href=\"https:\/\/editorial.tirant.com\/es\/libro\/tratado-de-inversiones-extranjeras-y-arbitraje-de-inversiones-en-iberoamerica-carlos-esplugues-mota-9788413366340\/\">Carlos Alvarado es coautor del Cap\u00edtulo R\u00e9gimen de la Inversi\u00f3n Extranjera y del Arbitraje de Inversi\u00f3n en M\u00e9xico, en el Tratado de Inversiones Extranjeras y Arbitraje de Inversiones en Iberoam\u00e9rica<\/a><\/li>\n<\/ul>\n<p>[\/et_pb_text][et_pb_text _builder_version=&#8221;4.16&#8243; _module_preset=&#8221;default&#8221; link_text_color=&#8221;#000000&#8243; link_font_size=&#8221;18px&#8221; global_colors_info=&#8221;{}&#8221; link_text_color__hover_enabled=&#8221;on|hover&#8221; link_text_color__hover=&#8221;#FB4D17&#8243;]<\/p>\n<ul>\n<li class=\"entry-title\" style=\"text-align: left;\"><a href=\"http:\/\/arbitrationblog.kluwerarbitration.com\/2017\/04\/26\/200-billion-reasons-for-keeping-nafta\/?_ga=2.235119368.808320307.1495707752-395864709.1485971397\/\">Carlos Alvarado escribi\u00f3 200 Billion Reasons for Keeping NAFTA<\/a><\/li>\n<\/ul>\n<p>[\/et_pb_text][et_pb_text _builder_version=&#8221;4.16&#8243; _module_preset=&#8221;default&#8221; link_text_color=&#8221;#000000&#8243; link_font_size=&#8221;18px&#8221; global_colors_info=&#8221;{}&#8221; link_text_color__hover_enabled=&#8221;on|desktop&#8221; link_text_color__hover=&#8221;#FB4D17&#8243;]<\/p>\n<ul>\n<li class=\"entry-title\" style=\"text-align: left;\"><a href=\"https:\/\/alvaradomoreno.mx\/en\/2021\/03\/05\/carlos-alvarado-es-coautor-del-articulo-necesidad-de-la-proteccion-de-la-informacion-privilegiada-y-confidencial-entre-abogado-y-cliente\/\">Carlos Alvarado es coautor del art\u00edculo Necesidad de la Protecci\u00f3n de la Informaci\u00f3n Privilegiada y Confidencial entre Abogado y Cliente<\/a><\/li>\n<\/ul>\n<p>[\/et_pb_text][\/et_pb_column][\/et_pb_row][\/et_pb_section]<\/p>","protected":false},"excerpt":{"rendered":"<p>NOTICIAS Y PUBLICACIONESNoticiasPublicaciones Carlos Alvarado es coautor del Cap\u00edtulo de M\u00e9xico, en el libro The Mergers and Acquisitions Litigation Review Carlos Alvarado es coautor del Cap\u00edtulo R\u00e9gimen de la Inversi\u00f3n Extranjera y del Arbitraje de Inversi\u00f3n en M\u00e9xico, en el Tratado de Inversiones Extranjeras y Arbitraje de Inversiones en Iberoam\u00e9rica Carlos Alvarado escribi\u00f3 200 Billion [&hellip;]<\/p>","protected":false},"author":1,"featured_media":0,"parent":0,"menu_order":0,"comment_status":"closed","ping_status":"closed","template":"","meta":{"_et_pb_use_builder":"on","_et_pb_old_content":"","_et_gb_content_width":""},"_links":{"self":[{"href":"https:\/\/alvaradomoreno.mx\/en\/wp-json\/wp\/v2\/pages\/39"}],"collection":[{"href":"https:\/\/alvaradomoreno.mx\/en\/wp-json\/wp\/v2\/pages"}],"about":[{"href":"https:\/\/alvaradomoreno.mx\/en\/wp-json\/wp\/v2\/types\/page"}],"author":[{"embeddable":true,"href":"https:\/\/alvaradomoreno.mx\/en\/wp-json\/wp\/v2\/users\/1"}],"replies":[{"embeddable":true,"href":"https:\/\/alvaradomoreno.mx\/en\/wp-json\/wp\/v2\/comments?post=39"}],"version-history":[{"count":24,"href":"https:\/\/alvaradomoreno.mx\/en\/wp-json\/wp\/v2\/pages\/39\/revisions"}],"predecessor-version":[{"id":25008,"href":"https:\/\/alvaradomoreno.mx\/en\/wp-json\/wp\/v2\/pages\/39\/revisions\/25008"}],"wp:attachment":[{"href":"https:\/\/alvaradomoreno.mx\/en\/wp-json\/wp\/v2\/media?parent=39"}],"curies":[{"name":"wp","href":"https:\/\/api.w.org\/{rel}","templated":true}]}}