{"id":41,"date":"2021-03-01T18:24:11","date_gmt":"2021-03-01T18:24:11","guid":{"rendered":"http:\/\/alvaradomoreno.mx\/?page_id=41"},"modified":"2023-03-02T16:56:38","modified_gmt":"2023-03-02T16:56:38","slug":"responsabilidad-social","status":"publish","type":"page","link":"https:\/\/alvaradomoreno.mx\/en\/responsabilidad-social\/","title":{"rendered":"Social responsability"},"content":{"rendered":"<p>[et_pb_section fb_built=&#8221;1&#8243; admin_label=&#8221;Page Title Section&#8221; _builder_version=&#8221;4.16&#8243; use_background_color_gradient=&#8221;on&#8221; background_color_gradient_stops=&#8221;#313e47 0%|rgba(49,62,71,0.5) 100%&#8221; background_color_gradient_overlays_image=&#8221;on&#8221; background_color_gradient_start=&#8221;#313e47&#8243; background_color_gradient_end=&#8221;rgba(49,62,71,0.5)&#8221; background_image=&#8221;http:\/\/alvaradomoreno.mx\/wp-content\/uploads\/2021\/03\/603e92289b435-1.jpg&#8221; custom_padding=&#8221;50px||50px||false|false&#8221; global_colors_info=&#8221;{}&#8221;][et_pb_row admin_label=&#8221;Page Title Area&#8221; _builder_version=&#8221;4.16&#8243; background_size=&#8221;initial&#8221; background_position=&#8221;top_left&#8221; background_repeat=&#8221;repeat&#8221; global_colors_info=&#8221;{}&#8221;][et_pb_column type=&#8221;4_4&#8243; _builder_version=&#8221;4.16&#8243; custom_padding=&#8221;|||&#8221; global_colors_info=&#8221;{}&#8221; custom_padding__hover=&#8221;|||&#8221;][et_pb_text _builder_version=&#8221;4.16&#8243; _module_preset=&#8221;default&#8221; text_font=&#8221;|700|||||||&#8221; text_text_color=&#8221;#FFFFFF&#8221; text_font_size=&#8221;35px&#8221; global_colors_info=&#8221;{}&#8221;]<\/p>\n<p style=\"text-align: center;\">RESPONSABILIDAD SOCIAL<\/p>\n<p>[\/et_pb_text][\/et_pb_column][\/et_pb_row][\/et_pb_section][et_pb_section fb_built=&#8221;1&#8243; admin_label=&#8221;Service Section&#8221; _builder_version=&#8221;4.16&#8243; background_color=&#8221;#f7f7f7&#8243; custom_padding=&#8221;45px||80px|||&#8221; border_color_all=&#8221;RGBA(0,0,0,0)&#8221; border_style_all=&#8221;none&#8221; border_width_right=&#8221;50px&#8221; border_color_right=&#8221;#FB4D17&#8243; global_colors_info=&#8221;{}&#8221;][et_pb_row admin_label=&#8221;Service Area&#8221; _builder_version=&#8221;4.16&#8243; min_height=&#8221;604.7px&#8221; custom_margin=&#8221;|auto|-157px|auto||&#8221; locked=&#8221;off&#8221; global_colors_info=&#8221;{}&#8221;][et_pb_column type=&#8221;4_4&#8243; _builder_version=&#8221;4.16&#8243; custom_padding=&#8221;|||&#8221; global_colors_info=&#8221;{}&#8221; custom_padding__hover=&#8221;|||&#8221;][et_pb_text admin_label=&#8221;Title&#8221; _builder_version=&#8221;4.16&#8243; text_font=&#8221;||||||||&#8221; header_font=&#8221;||||||||&#8221; header_2_font=&#8221;||||||||&#8221; header_2_text_align=&#8221;center&#8221; header_2_font_size=&#8221;35px&#8221; header_2_line_height=&#8221;1.6em&#8221; module_alignment=&#8221;center&#8221; custom_margin=&#8221;||10px|&#8221; custom_padding=&#8221;|||&#8221; animation_style=&#8221;fade&#8221; header_2_font_size_tablet=&#8221;40px&#8221; header_2_font_size_phone=&#8221;&#8221; header_2_font_size_last_edited=&#8221;on|tablet&#8221; global_colors_info=&#8221;{}&#8221;]<\/p>\n<h2>Pro bono<\/h2>\n<p>[\/et_pb_text][et_pb_divider color=&#8221;#FB4D17&#8243; divider_position=&#8221;center&#8221; divider_weight=&#8221;3px&#8221; _builder_version=&#8221;4.16&#8243; max_width=&#8221;70px&#8221; module_alignment=&#8221;center&#8221; animation_style=&#8221;slide&#8221; animation_direction=&#8221;top&#8221; animation_intensity_slide=&#8221;10%&#8221; animation_starting_opacity=&#8221;100%&#8221; locked=&#8221;off&#8221; global_colors_info=&#8221;{}&#8221;][\/et_pb_divider][et_pb_text _builder_version=&#8221;4.20.0&#8243; _module_preset=&#8221;default&#8221; text_font=&#8221;|700|||||||&#8221; text_font_size=&#8221;19px&#8221; text_letter_spacing=&#8221;1px&#8221; text_line_height=&#8221;1.8em&#8221; header_4_font_size=&#8221;20px&#8221; min_height=&#8221;184px&#8221; custom_padding=&#8221;5px|||||&#8221; global_colors_info=&#8221;{}&#8221;]<\/p>\n<p style=\"font-weight: 400; text-align: center;\"><span>En Alvarado Moreno Abogados nos tomamos el trabajo Pro Bono en serio. Nos enriquece poder utilizar nuestros conocimientos para apoyar a nuestros clientes Pro Bono y nos sentimos orgullosos de los casos de \u00e9xito en los que hemos participado.<\/span><\/p>\n<p style=\"font-weight: 400; text-align: center;\"><span style=\"text-align: center;\">Si necesitas asesor\u00eda Pro Bono, escr\u00edbenos a <\/span><a href=\"mailto:contacto@alvaradomoreno.com\" style=\"text-align: center;\">contacto@alvaradomoreno.com<\/a><\/p>\n<p>[\/et_pb_text][et_pb_text admin_label=&#8221;Title&#8221; _builder_version=&#8221;4.20.0&#8243; text_font=&#8221;||||||||&#8221; header_font=&#8221;||||||||&#8221; header_2_font=&#8221;||||||||&#8221; header_2_text_align=&#8221;center&#8221; header_2_font_size=&#8221;35px&#8221; header_2_line_height=&#8221;1.6em&#8221; module_alignment=&#8221;center&#8221; custom_margin=&#8221;||10px|&#8221; custom_padding=&#8221;|||&#8221; animation_style=&#8221;fade&#8221; header_2_font_size_tablet=&#8221;40px&#8221; header_2_font_size_phone=&#8221;&#8221; header_2_font_size_last_edited=&#8221;on|tablet&#8221; global_colors_info=&#8221;{}&#8221;]<\/p>\n<h2>Sostenibilidad y Responsabilidad Social Corporativa<\/h2>\n<p>[\/et_pb_text][et_pb_divider color=&#8221;#FB4D17&#8243; divider_position=&#8221;center&#8221; divider_weight=&#8221;3px&#8221; _builder_version=&#8221;4.16&#8243; max_width=&#8221;70px&#8221; module_alignment=&#8221;center&#8221; animation_style=&#8221;slide&#8221; animation_direction=&#8221;top&#8221; animation_intensity_slide=&#8221;10%&#8221; animation_starting_opacity=&#8221;100%&#8221; locked=&#8221;off&#8221; global_colors_info=&#8221;{}&#8221;][\/et_pb_divider][\/et_pb_column][\/et_pb_row][et_pb_row column_structure=&#8221;1_4,1_4,1_4,1_4&#8243; admin_label=&#8221;Service Area&#8221; _builder_version=&#8221;4.16&#8243; locked=&#8221;off&#8221; global_colors_info=&#8221;{}&#8221;][et_pb_column type=&#8221;1_4&#8243; _builder_version=&#8221;4.16&#8243; custom_padding=&#8221;|||&#8221; animation_style=&#8221;fade&#8221; global_colors_info=&#8221;{}&#8221; custom_padding__hover=&#8221;|||&#8221;][et_pb_blurb use_icon=&#8221;on&#8221; font_icon=&#8221;&#xe0e3;||divi||400&#8243; icon_color=&#8221;#FB4D17&#8243; image_icon_width=&#8221;42px&#8221; content_max_width=&#8221;300px&#8221; _builder_version=&#8221;4.16&#8243; header_font=&#8221;Roboto Slab||||||||&#8221; header_font_size=&#8221;20px&#8221; header_line_height=&#8221;1.8em&#8221; body_font=&#8221;||||||||&#8221; body_font_size=&#8221;16px&#8221; body_line_height=&#8221;1.8em&#8221; text_orientation=&#8221;center&#8221; animation_style=&#8221;fade&#8221; icon_font_size=&#8221;42px&#8221; global_colors_info=&#8221;{}&#8221;]<\/p>\n<p style=\"text-align: justify;\"><span is=\"qowt-word-run\" qowt-eid=\"E917\" id=\"E917\">C<\/span><span is=\"qowt-word-run\" qowt-eid=\"E918\" id=\"E918\">ausar el menor impacto al <\/span><strong><span is=\"qowt-word-run\" qowt-eid=\"E919\" id=\"E919\">medioambiente<\/span><\/strong><span is=\"qowt-word-run\" qowt-eid=\"E920\" id=\"E920\">. Implementamos pol\u00edticas <\/span><span is=\"qowt-word-run\" qowt-eid=\"E921\" id=\"E921\">que nos permit<\/span><span is=\"qowt-word-run\" qowt-eid=\"E922\" id=\"E922\">e<\/span><span is=\"qowt-word-run\" qowt-eid=\"E923\" id=\"E923\">n<\/span><span is=\"qowt-word-run\" qowt-eid=\"E924\" id=\"E924\"> desarrollar eficazmente nuestras actividades<\/span><span is=\"qowt-word-run\" qowt-eid=\"E925\" id=\"E925\">, siendo lo m\u00e1s <strong>amigables<\/strong> posible <strong>con nuestro planeta<\/strong><\/span><span is=\"qowt-word-run\" qowt-eid=\"E926\" id=\"E926\">.<\/span><\/p>\n<p>[\/et_pb_blurb][\/et_pb_column][et_pb_column type=&#8221;1_4&#8243; _builder_version=&#8221;4.16&#8243; custom_padding=&#8221;|||&#8221; animation_style=&#8221;fade&#8221; animation_duration=&#8221;1100ms&#8221; global_colors_info=&#8221;{}&#8221; custom_padding__hover=&#8221;|||&#8221;][et_pb_blurb use_icon=&#8221;on&#8221; font_icon=&#8221;&#xe08a;||divi||400&#8243; icon_color=&#8221;#FB4D17&#8243; image_icon_width=&#8221;42px&#8221; content_max_width=&#8221;300px&#8221; _builder_version=&#8221;4.16&#8243; header_font=&#8221;Roboto Slab||||||||&#8221; header_font_size=&#8221;20px&#8221; header_line_height=&#8221;1.8em&#8221; body_font=&#8221;||||||||&#8221; body_font_size=&#8221;16px&#8221; body_line_height=&#8221;1.8em&#8221; text_orientation=&#8221;center&#8221; animation_style=&#8221;fade&#8221; icon_font_size=&#8221;42px&#8221; locked=&#8221;off&#8221; global_colors_info=&#8221;{}&#8221;]<\/p>\n<p style=\"text-align: justify;\"><span is=\"qowt-word-run\" qowt-eid=\"E929\" id=\"E929\">Q<\/span><span is=\"qowt-word-run\" qowt-eid=\"E930\" id=\"E930\">ue cada uno de nuestros miembros se desarrolle plenamente tanto en el \u00e1mbito <\/span><span is=\"qowt-word-run\" qowt-eid=\"E931\" id=\"E931\"><strong>profesional, como en el personal y social<\/strong>.<\/span><\/p>\n<p>[\/et_pb_blurb][\/et_pb_column][et_pb_column type=&#8221;1_4&#8243; _builder_version=&#8221;4.16&#8243; custom_padding=&#8221;|||&#8221; animation_style=&#8221;fade&#8221; animation_duration=&#8221;1200ms&#8221; global_colors_info=&#8221;{}&#8221; custom_padding__hover=&#8221;|||&#8221;][et_pb_blurb image=&#8221;http:\/\/alvaradomoreno.mx\/wp-content\/uploads\/2023\/03\/Picture3.png&#8221; content_max_width=&#8221;300px&#8221; _builder_version=&#8221;4.20.0&#8243; header_font=&#8221;Roboto Slab||||||||&#8221; header_font_size=&#8221;20px&#8221; header_line_height=&#8221;1.8em&#8221; body_font=&#8221;||||||||&#8221; body_font_size=&#8221;16px&#8221; body_line_height=&#8221;1.8em&#8221; text_orientation=&#8221;center&#8221; animation_style=&#8221;fade&#8221; hover_enabled=&#8221;0&#8243; icon_font_size=&#8221;42px&#8221; locked=&#8221;off&#8221; global_colors_info=&#8221;{}&#8221; sticky_enabled=&#8221;0&#8243; title_text=&#8221;Picture3&#8243; min_height=&#8221;418px&#8221;]<\/p>\n<p is=\"qowt-word-para\" qowt-lvl=\"0\" qowt-entry=\"1\" qowt-eid=\"E934\" id=\"E934\" qowt-template=\"3\" class=\"qowt-li-3_0 qowt-list qowt-stl-ListParagraph x-scope qowt-word-para-2\" qowt-list-type=\"b\" style=\"text-align: justify;\"><span is=\"qowt-word-run\" qowt-eid=\"E935\" id=\"E935\">G<\/span><span is=\"qowt-word-run\" qowt-eid=\"E936\" id=\"E936\">enerar un ambiente interno y externo en el que <\/span><span is=\"qowt-word-run\" qowt-eid=\"E937\" id=\"E937\">todos <strong>nos podamos desarrollar <\/strong><\/span><span is=\"qowt-word-run\" qowt-eid=\"E938\" id=\"E938\"><strong>plenamente<\/strong> y <\/span><span is=\"qowt-word-run\" qowt-eid=\"E939\" id=\"E939\">por igual<\/span><span is=\"qowt-word-run\" qowt-eid=\"E940\" id=\"E940\">, sin importar <\/span><span is=\"qowt-word-run\" qowt-eid=\"E941\" id=\"E941\">origen, g\u00e9nero, preferencia <\/span><span is=\"qowt-word-run\" qowt-eid=\"E942\" id=\"E942\">o identidad <\/span><span is=\"qowt-word-run\" qowt-eid=\"E943\" id=\"E943\">sexual<\/span><span is=\"qowt-word-run\" qowt-eid=\"E944\" id=\"E944\">, <\/span><span is=\"qowt-word-run\" qowt-eid=\"E945\" id=\"E945\">etc<\/span><span is=\"qowt-word-run\" qowt-eid=\"E946\" id=\"E946\">. <\/span><span is=\"qowt-word-run\" qowt-eid=\"E947\" id=\"E947\">Estamos convencidos de que <strong>la diversidad enriquece.<\/strong><\/span><\/p>\n<p>[\/et_pb_blurb][\/et_pb_column][et_pb_column type=&#8221;1_4&#8243; _builder_version=&#8221;4.16&#8243; custom_padding=&#8221;|||&#8221; animation_style=&#8221;fade&#8221; animation_duration=&#8221;1400ms&#8221; global_colors_info=&#8221;{}&#8221; custom_padding__hover=&#8221;|||&#8221;][et_pb_blurb use_icon=&#8221;on&#8221; font_icon=&#8221;&#xe08b;||divi||400&#8243; icon_color=&#8221;#FB4D17&#8243; image_icon_width=&#8221;42px&#8221; content_max_width=&#8221;300px&#8221; _builder_version=&#8221;4.16&#8243; header_font=&#8221;Roboto Slab||||||||&#8221; header_font_size=&#8221;20px&#8221; header_line_height=&#8221;1.8em&#8221; body_font=&#8221;||||||||&#8221; body_font_size=&#8221;16px&#8221; body_line_height=&#8221;1.8em&#8221; text_orientation=&#8221;center&#8221; animation_style=&#8221;fade&#8221; icon_font_size=&#8221;42px&#8221; locked=&#8221;off&#8221; global_colors_info=&#8221;{}&#8221;]<\/p>\n<p is=\"qowt-word-para\" qowt-lvl=\"0\" qowt-entry=\"1\" qowt-eid=\"E949\" id=\"E949\" qowt-template=\"3\" class=\"qowt-li-3_0 qowt-list qowt-stl-ListParagraph x-scope qowt-word-para-2\" qowt-list-type=\"b\" style=\"text-align: justify;\"><span is=\"qowt-word-run\" qowt-eid=\"E950\" id=\"E950\">Contribuir <\/span><span is=\"qowt-word-run\" qowt-eid=\"E951\" id=\"E951\">a<\/span><span is=\"qowt-word-run\" qowt-eid=\"E952\" id=\"E952\"> la formaci\u00f3n de una <strong>comunidad<\/strong> cada vez m\u00e1s <\/span><span is=\"qowt-word-run\" qowt-eid=\"E953\" id=\"E953\">con m\u00e1s <strong>valores y \u00e9tica<\/strong>. <\/span><\/p>\n<p>[\/et_pb_blurb][\/et_pb_column][\/et_pb_row][\/et_pb_section][et_pb_section fb_built=&#8221;1&#8243; theme_builder_area=&#8221;post_content&#8221; _builder_version=&#8221;4.20.0&#8243; _module_preset=&#8221;default&#8221;][\/et_pb_section]<\/p>","protected":false},"excerpt":{"rendered":"<p>RESPONSABILIDAD SOCIALPro bonoEn Alvarado Moreno Abogados nos tomamos el trabajo Pro Bono en serio. Nos enriquece poder utilizar nuestros conocimientos para apoyar a nuestros clientes Pro Bono y nos sentimos orgullosos de los casos de \u00e9xito en los que hemos participado. Si necesitas asesor\u00eda Pro Bono, escr\u00edbenos a contacto@alvaradomoreno.comSostenibilidad y Responsabilidad Social CorporativaCausar el menor [&hellip;]<\/p>","protected":false},"author":1,"featured_media":0,"parent":0,"menu_order":0,"comment_status":"closed","ping_status":"closed","template":"","meta":{"_et_pb_use_builder":"on","_et_pb_old_content":"","_et_gb_content_width":""},"_links":{"self":[{"href":"https:\/\/alvaradomoreno.mx\/en\/wp-json\/wp\/v2\/pages\/41"}],"collection":[{"href":"https:\/\/alvaradomoreno.mx\/en\/wp-json\/wp\/v2\/pages"}],"about":[{"href":"https:\/\/alvaradomoreno.mx\/en\/wp-json\/wp\/v2\/types\/page"}],"author":[{"embeddable":true,"href":"https:\/\/alvaradomoreno.mx\/en\/wp-json\/wp\/v2\/users\/1"}],"replies":[{"embeddable":true,"href":"https:\/\/alvaradomoreno.mx\/en\/wp-json\/wp\/v2\/comments?post=41"}],"version-history":[{"count":19,"href":"https:\/\/alvaradomoreno.mx\/en\/wp-json\/wp\/v2\/pages\/41\/revisions"}],"predecessor-version":[{"id":25015,"href":"https:\/\/alvaradomoreno.mx\/en\/wp-json\/wp\/v2\/pages\/41\/revisions\/25015"}],"wp:attachment":[{"href":"https:\/\/alvaradomoreno.mx\/en\/wp-json\/wp\/v2\/media?parent=41"}],"curies":[{"name":"wp","href":"https:\/\/api.w.org\/{rel}","templated":true}]}}